{"id":66,"date":"2024-10-09T14:32:58","date_gmt":"2024-10-09T14:32:58","guid":{"rendered":"https:\/\/www.h2d-service.de\/?page_id=66"},"modified":"2024-10-09T15:34:32","modified_gmt":"2024-10-09T15:34:32","slug":"analyse-beratung","status":"publish","type":"page","link":"https:\/\/www.h2d-service.de\/?page_id=66","title":{"rendered":"Analyse &amp; Beratung"},"content":{"rendered":"\n<div class=\"wp-block-media-text has-media-on-the-right is-stacked-on-mobile\" style=\"grid-template-columns:auto 44%\"><div class=\"wp-block-media-text__content\">\n<p class=\"has-text-align-left is-style-default has-medium-font-size\">Langj\u00e4hrige und vielf\u00e4ltige Erfahrungen mit digitalen Projekten, Programmen, Datenbanken und Hardware bieten mir eine gute Grundlage Ihnen eine Analyse des Status zu geben und ebenso mit Ihnen zu er\u00f6rtern ob und wie weit Ihr Unternehmen in der Digitalisierung angekommen ist und wo die Reise noch hingehen kann!<\/p>\n<\/div><figure class=\"wp-block-media-text__media\"><img loading=\"lazy\" decoding=\"async\" width=\"1024\" height=\"1024\" src=\"https:\/\/www.h2d-service.de\/wp-content\/uploads\/2024\/10\/DALL\u00b7E-2024-10-09-16.54.24-A-business-meeting-scenario-showing-a-discussion-about-future-technology-integration.-A-diverse-group-of-professionals-reviewing-digital-transformatio.webp\" alt=\"\" class=\"wp-image-82 size-full\" srcset=\"https:\/\/www.h2d-service.de\/wp-content\/uploads\/2024\/10\/DALL\u00b7E-2024-10-09-16.54.24-A-business-meeting-scenario-showing-a-discussion-about-future-technology-integration.-A-diverse-group-of-professionals-reviewing-digital-transformatio.webp 1024w, https:\/\/www.h2d-service.de\/wp-content\/uploads\/2024\/10\/DALL\u00b7E-2024-10-09-16.54.24-A-business-meeting-scenario-showing-a-discussion-about-future-technology-integration.-A-diverse-group-of-professionals-reviewing-digital-transformatio-300x300.webp 300w, https:\/\/www.h2d-service.de\/wp-content\/uploads\/2024\/10\/DALL\u00b7E-2024-10-09-16.54.24-A-business-meeting-scenario-showing-a-discussion-about-future-technology-integration.-A-diverse-group-of-professionals-reviewing-digital-transformatio-150x150.webp 150w, https:\/\/www.h2d-service.de\/wp-content\/uploads\/2024\/10\/DALL\u00b7E-2024-10-09-16.54.24-A-business-meeting-scenario-showing-a-discussion-about-future-technology-integration.-A-diverse-group-of-professionals-reviewing-digital-transformatio-768x768.webp 768w\" sizes=\"auto, (max-width: 1024px) 100vw, 1024px\" \/><\/figure><\/div>\n\n\n\n<p>Ist Ihr Unternehmen schon im digitalen Wandel?<\/p>\n\n\n\n<p>Haben Sie die Vorrausetzungen schon geschaffen um den n\u00e4chsten Schritt zu gehen?<\/p>\n\n\n\n<p>Ist die Infrastruktur die richtige?<\/p>\n\n\n\n<p>F\u00fcnf wesentliche Fragen die Sie sich stellen sollten:<\/p>\n\n\n\n<ul class=\"wp-block-list\">\n<li><strong>Sind unsere Kernprozesse digitalisiert?<\/strong><br>Nutzen wir digitale Tools und Plattformen, um Prozesse wie Buchhaltung, Lagerhaltung, Kommunikation oder Kundenmanagement zu automatisieren und zu optimieren?<\/li>\n<\/ul>\n\n\n\n<p><\/p>\n\n\n\n<ul class=\"wp-block-list\">\n<li><strong>Nutzen wir Datenanalyse und Cloud-Technologien?<\/strong><br>Haben wir Systeme implementiert, die uns Echtzeitdaten und Analysen bieten, um fundierte Gesch\u00e4ftsentscheidungen zu treffen und auf ver\u00e4nderte Marktbedingungen zu reagieren?<\/li>\n<\/ul>\n\n\n\n<p><\/p>\n\n\n\n<ul class=\"wp-block-list\">\n<li><strong>Haben wir in Automatisierung investiert (z.B. RPA)?<\/strong><br>Werden repetitive und manuelle Aufgaben in unserem Unternehmen durch Robotic Process Automation (RPA) oder \u00e4hnliche Automatisierungstechnologien effizienter erledigt?<\/li>\n<\/ul>\n\n\n\n<p><\/p>\n\n\n\n<ul class=\"wp-block-list\">\n<li><strong>Sind unsere Mitarbeiter auf den digitalen Wandel vorbereitet?<\/strong><br>Bieten wir regelm\u00e4\u00dfige Schulungen und Weiterbildungen an, um sicherzustellen, dass unsere Mitarbeiter die n\u00f6tigen digitalen F\u00e4higkeiten und das Mindset besitzen, um in einem digitalen Umfeld erfolgreich zu sein?<\/li>\n<\/ul>\n\n\n\n<p><\/p>\n\n\n\n<ul class=\"wp-block-list\">\n<li><strong>Nutzen wir digitale Tools f\u00fcr ein effektives Ressourcen- und Prozessmanagement?<\/strong><br>Setzen wir auf Softwarel\u00f6sungen zur Ressourcenplanung (ERP-Systeme) und ein robustes Prozessmanagement, um Gesch\u00e4ftsabl\u00e4ufe zu optimieren und unsere Wertsch\u00f6pfungskette zu verbessern?<\/li>\n<\/ul>\n\n\n\n<p><\/p>\n\n\n\n<p><\/p>\n","protected":false},"excerpt":{"rendered":"<p>Langj\u00e4hrige und vielf\u00e4ltige Erfahrungen mit digitalen Projekten, Programmen, Datenbanken und Hardware bieten mir eine gute Grundlage Ihnen eine Analyse des Status zu<\/p>\n<p class=\"link-more\"><a class=\"myButt \" href=\"https:\/\/www.h2d-service.de\/?page_id=66\">Read More<\/a><\/p>\n","protected":false},"author":1,"featured_media":0,"parent":0,"menu_order":0,"comment_status":"closed","ping_status":"closed","template":"","meta":{"footnotes":""},"class_list":["post-66","page","type-page","status-publish","hentry"],"_links":{"self":[{"href":"https:\/\/www.h2d-service.de\/index.php?rest_route=\/wp\/v2\/pages\/66","targetHints":{"allow":["GET"]}}],"collection":[{"href":"https:\/\/www.h2d-service.de\/index.php?rest_route=\/wp\/v2\/pages"}],"about":[{"href":"https:\/\/www.h2d-service.de\/index.php?rest_route=\/wp\/v2\/types\/page"}],"author":[{"embeddable":true,"href":"https:\/\/www.h2d-service.de\/index.php?rest_route=\/wp\/v2\/users\/1"}],"replies":[{"embeddable":true,"href":"https:\/\/www.h2d-service.de\/index.php?rest_route=%2Fwp%2Fv2%2Fcomments&post=66"}],"version-history":[{"count":7,"href":"https:\/\/www.h2d-service.de\/index.php?rest_route=\/wp\/v2\/pages\/66\/revisions"}],"predecessor-version":[{"id":85,"href":"https:\/\/www.h2d-service.de\/index.php?rest_route=\/wp\/v2\/pages\/66\/revisions\/85"}],"wp:attachment":[{"href":"https:\/\/www.h2d-service.de\/index.php?rest_route=%2Fwp%2Fv2%2Fmedia&parent=66"}],"curies":[{"name":"wp","href":"https:\/\/api.w.org\/{rel}","templated":true}]}}